{"id":24132,"date":"2024-05-28T10:19:10","date_gmt":"2024-05-28T10:19:10","guid":{"rendered":"https:\/\/blumartunisia.com\/?page_id=14618"},"modified":"2025-11-16T15:28:04","modified_gmt":"2025-11-16T15:28:04","slug":"contactez-blumar-resort-and-spa","status":"publish","type":"page","link":"https:\/\/blumartunisia.com\/en\/contactez-blumar-resort-and-spa\/","title":{"rendered":"Contactez Blumar Resort &#038; Spa | Adresse, T\u00e9l\u00e9phone, Acc\u00e8s"},"content":{"rendered":"\t\t<div data-elementor-type=\"wp-page\" data-elementor-id=\"24132\" class=\"elementor elementor-24132\" data-elementor-post-type=\"page\">\n\t\t\t\t\t\t<div class=\"elementor-section elementor-top-section elementor-element elementor-element-c9fc15a elementor-section-full_width hero-block hero-v4 bg-img-hero-bottom text-center z-index-2 elementor-reverse-tablet elementor-reverse-mobile elementor-section-height-default elementor-section-height-default\" data-id=\"c9fc15a\" data-element_type=\"section\" data-settings=\"{&quot;background_background&quot;:&quot;classic&quot;}\">\n\t\t\t\t\t\t<div class=\"elementor-container elementor-column-gap-default container pb-17\">\n\t\t\t\t\t<div class=\"elementor-column elementor-col-100 elementor-top-column elementor-element elementor-element-0df1584\" data-id=\"0df1584\" data-element_type=\"column\">\n\t\t\t<div class=\"elementor-widget-wrap\">\n\t\t\t\t\t\t\t<\/div>\n\t\t<\/div>\n\t\t\t\t\t<\/div>\n\t\t<\/div>\n\t\t<div class=\"elementor-element elementor-element-d7e7a13 e-con-full e-flex e-con e-parent\" data-id=\"d7e7a13\" data-element_type=\"container\">\n\t\t\t\t<div class=\"elementor-element elementor-element-56945b5 w-md-80 w-lg-50 text-center mx-md-auto elementor-widget elementor-widget-highlighted-heading\" data-id=\"56945b5\" data-element_type=\"widget\" data-widget_type=\"highlighted-heading.default\">\n\t\t\t\t<div class=\"elementor-widget-container\">\n\t\t\t\t\t<h2 class=\"mytravel-elementor-highlighted-heading__title section-title text-black font-size-30 font-weight-bold mb-5 pb-xl-1\">Envoyez-nous un message<\/h2>\t\t\t\t<\/div>\n\t\t\t\t<\/div>\n\t\t\t\t<\/div>\n\t\t<div class=\"elementor-element elementor-element-83c845a e-con-full e-flex e-con e-parent\" data-id=\"83c845a\" data-element_type=\"container\">\n\t\t\t\t<div class=\"elementor-element elementor-element-609de0d elementor-button-align-stretch elementor-widget elementor-widget-form\" data-id=\"609de0d\" data-element_type=\"widget\" data-settings=\"{&quot;step_next_label&quot;:&quot;Suivant&quot;,&quot;step_previous_label&quot;:&quot;Pr\\u00e9c\\u00e9dent&quot;,&quot;button_width&quot;:&quot;100&quot;,&quot;step_type&quot;:&quot;number_text&quot;,&quot;step_icon_shape&quot;:&quot;circle&quot;}\" data-widget_type=\"form.default\">\n\t\t\t\t<div class=\"elementor-widget-container\">\n\t\t\t\t\t\t\t<form class=\"elementor-form\" method=\"post\" name=\"New Form\">\n\t\t\t<input type=\"hidden\" name=\"post_id\" value=\"24132\"\/>\n\t\t\t<input type=\"hidden\" name=\"form_id\" value=\"609de0d\"\/>\n\t\t\t<input type=\"hidden\" name=\"referer_title\" value=\"Contactez Blumar Resort &amp; Spa | Adresse, T\u00e9l\u00e9phone, Acc\u00e8s -\" \/>\n\n\t\t\t\t\t\t\t<input type=\"hidden\" name=\"queried_id\" value=\"24132\"\/>\n\t\t\t\n\t\t\t<div class=\"elementor-form-fields-wrapper elementor-labels-above\">\n\t\t\t\t\t\t\t\t<div class=\"elementor-field-type-text elementor-field-group elementor-column elementor-field-group-name elementor-col-100 elementor-field-required\">\n\t\t\t\t\t\t\t\t\t\t\t\t<label for=\"form-field-name\" class=\"elementor-field-label\">\n\t\t\t\t\t\t\t\tNom complet *\t\t\t\t\t\t\t<\/label>\n\t\t\t\t\t\t\t\t\t\t\t\t\t\t<input size=\"1\" type=\"text\" name=\"form_fields[name]\" id=\"form-field-name\" class=\"elementor-field elementor-size-sm  elementor-field-textual\" placeholder=\"Nom complet\" required=\"required\">\n\t\t\t\t\t\t\t\t\t\t\t<\/div>\n\t\t\t\t\t\t\t\t<div class=\"elementor-field-type-email elementor-field-group elementor-column elementor-field-group-field_d3addf3 elementor-col-50 elementor-field-required\">\n\t\t\t\t\t\t\t\t\t\t\t\t<label for=\"form-field-field_d3addf3\" class=\"elementor-field-label\">\n\t\t\t\t\t\t\t\tEmail *\t\t\t\t\t\t\t<\/label>\n\t\t\t\t\t\t\t\t\t\t\t\t\t\t<input size=\"1\" type=\"email\" name=\"form_fields[field_d3addf3]\" id=\"form-field-field_d3addf3\" class=\"elementor-field elementor-size-sm  elementor-field-textual\" placeholder=\"Email\" required=\"required\">\n\t\t\t\t\t\t\t\t\t\t\t<\/div>\n\t\t\t\t\t\t\t\t<div class=\"elementor-field-type-tel elementor-field-group elementor-column elementor-field-group-field_c81823d elementor-col-50 elementor-field-required\">\n\t\t\t\t\t\t\t\t\t\t\t\t<label for=\"form-field-field_c81823d\" class=\"elementor-field-label\">\n\t\t\t\t\t\t\t\tT\u00e9l\u00e8phone *\t\t\t\t\t\t\t<\/label>\n\t\t\t\t\t\t\t\t<input size=\"1\" type=\"tel\" name=\"form_fields[field_c81823d]\" id=\"form-field-field_c81823d\" class=\"elementor-field elementor-size-sm  elementor-field-textual\" placeholder=\"Num\u00e9ro de t\u00e9l\u00e8phone\" required=\"required\" pattern=\"[0-9()#&amp;+*-=.]+\" title=\"Phone number\">\n\n\t\t\t\t\t\t<\/div>\n\t\t\t\t\t\t\t\t<div class=\"elementor-field-type-textarea elementor-field-group elementor-column elementor-field-group-message elementor-col-100\">\n\t\t\t\t\t\t\t\t\t\t\t\t<label for=\"form-field-message\" class=\"elementor-field-label\">\n\t\t\t\t\t\t\t\tMessage\t\t\t\t\t\t\t<\/label>\n\t\t\t\t\t\t<textarea class=\"elementor-field-textual elementor-field  elementor-size-sm\" name=\"form_fields[message]\" id=\"form-field-message\" rows=\"4\" placeholder=\"Message\"><\/textarea>\t\t\t\t<\/div>\n\t\t\t\t\t\t\t\t<div class=\"elementor-field-type-recaptcha elementor-field-group elementor-column elementor-field-group-field_f89e13d elementor-col-100\">\n\t\t\t\t\t<div class=\"elementor-field\" id=\"form-field-field_f89e13d\"><div class=\"elementor-g-recaptcha\" data-sitekey=\"6Leq860rAAAAAE1E872k71hKLhuxfxuTeKIEGaMe\" data-type=\"v2_checkbox\" data-theme=\"light\" data-size=\"normal\"><\/div><\/div>\t\t\t\t<\/div>\n\t\t\t\t\t\t\t\t<div class=\"elementor-field-group elementor-column elementor-field-type-submit elementor-col-100 e-form__buttons\">\n\t\t\t\t\t<button class=\"elementor-button elementor-size-sm\" type=\"submit\">\n\t\t\t\t\t\t<span class=\"elementor-button-content-wrapper\">\n\t\t\t\t\t\t\t\t\t\t\t\t\t\t\t\t\t\t\t\t\t\t<span class=\"elementor-button-text\">Envoyer<\/span>\n\t\t\t\t\t\t\t\t\t\t\t\t\t<\/span>\n\t\t\t\t\t<\/button>\n\t\t\t\t<\/div>\n\t\t\t<\/div>\n\t\t<\/form>\n\t\t\t\t\t\t<\/div>\n\t\t\t\t<\/div>\n\t\t\t\t<\/div>\n\t\t<div class=\"elementor-element elementor-element-a1dc21d e-con-full e-flex e-con e-parent\" data-id=\"a1dc21d\" data-element_type=\"container\">\n\t\t\t\t<div class=\"elementor-element elementor-element-e832a9e elementor-widget elementor-widget-google_maps\" data-id=\"e832a9e\" data-element_type=\"widget\" data-widget_type=\"google_maps.map-mytravel\">\n\t\t\t\t<div class=\"elementor-widget-container\">\n\t\t\t\t\t\t\t<div class=\"elementor-custom-embed\">\n\t\t\t<iframe \n\t\t\t\t\tsrc=\"https:\/\/maps.google.com\/maps?q=hotel%20blumar%20resort%20%26%20spa&#038;t=m&#038;z=14&#038;output=embed&#038;iwloc=near\"\n\t\t\t\t\ttitle=\"hotel blumar resort &amp; spa\"\n\t\t\t\t\taria-label=\"hotel blumar resort &amp; spa\"\n\t\t\t><\/iframe>\n\t\t<\/div>\n\t\t\t\t\t\t<\/div>\n\t\t\t\t<\/div>\n\t\t\t\t<\/div>\n\t\t<div class=\"elementor-element elementor-element-c19c3fb mt-3 e-flex e-con-boxed e-con e-parent\" data-id=\"c19c3fb\" data-element_type=\"container\">\n\t\t\t\t\t<div class=\"e-con-inner\">\n\t\t\t\t<div class=\"elementor-element elementor-element-870432d w-md-80 w-lg-50 text-center mx-md-auto elementor-widget elementor-widget-highlighted-heading\" data-id=\"870432d\" data-element_type=\"widget\" data-widget_type=\"highlighted-heading.default\">\n\t\t\t\t<div class=\"elementor-widget-container\">\n\t\t\t\t\t<h2 class=\"mytravel-elementor-highlighted-heading__title section-title text-black font-size-30 font-weight-bold mb-5 pb-xl-1\">Tunisia<\/h2>\t\t\t\t<\/div>\n\t\t\t\t<\/div>\n\t\t\t\t\t<\/div>\n\t\t\t\t<\/div>\n\t\t\t\t<section class=\"elementor-section elementor-top-section elementor-element elementor-element-dd6f862 mb-5 border-bottom elementor-section-boxed elementor-section-height-default elementor-section-height-default\" data-id=\"dd6f862\" data-element_type=\"section\">\n\t\t\t\t\t\t<div class=\"elementor-container elementor-column-gap-default\">\n\t\t\t\t\t<div class=\"elementor-column elementor-col-100 elementor-top-column elementor-element elementor-element-a9faf67\" data-id=\"a9faf67\" data-element_type=\"column\">\n\t\t\t<div class=\"elementor-widget-wrap elementor-element-populated\">\n\t\t\t\t\t\t<div class=\"elementor-section elementor-inner-section elementor-element elementor-element-7771720 elementor-section-full_width mb-5 elementor-section-height-default elementor-section-height-default\" data-id=\"7771720\" data-element_type=\"section\">\n\t\t\t\t\t\t<div class=\"elementor-container elementor-column-gap-default row\">\n\t\t\t\t\t<div class=\"elementor-column elementor-col-33 elementor-inner-column elementor-element elementor-element-c9a4862 col-md-6 col-lg-4\" data-id=\"c9a4862\" data-element_type=\"column\">\n\t\t\t<div class=\"mb-5 mb-lg-0 text-center  p-0 elementor-widget-wrap elementor-element-populated\">\n\t\t\t\t\t\t<div class=\"elementor-element elementor-element-da5732c mb-0 elementor-widget elementor-widget-highlighted-heading\" data-id=\"da5732c\" data-element_type=\"widget\" data-widget_type=\"highlighted-heading.default\">\n\t\t\t\t<div class=\"elementor-widget-container\">\n\t\t\t\t\t<h6 class=\"mytravel-elementor-highlighted-heading__title text-gray-3 font-weight-bold font-size-21\">Email<\/h6>\t\t\t\t<\/div>\n\t\t\t\t<\/div>\n\t\t\t\t<div class=\"elementor-element elementor-element-f3a925c mb-0 elementor-widget elementor-widget-highlighted-heading\" data-id=\"f3a925c\" data-element_type=\"widget\" data-widget_type=\"highlighted-heading.default\">\n\t\t\t\t<div class=\"elementor-widget-container\">\n\t\t\t\t\t<p class=\"mytravel-elementor-highlighted-heading__title mb-0 text-gray-1\">resa@blumartunisia.com<\/p>\t\t\t\t<\/div>\n\t\t\t\t<\/div>\n\t\t\t\t\t<\/div>\n\t\t<\/div>\n\t\t\t\t<div class=\"elementor-column elementor-col-33 elementor-inner-column elementor-element elementor-element-73e814b col-md-6 col-lg-4\" data-id=\"73e814b\" data-element_type=\"column\">\n\t\t\t<div class=\"mb-5 mb-lg-0 text-center p-0 elementor-widget-wrap elementor-element-populated\">\n\t\t\t\t\t\t<div class=\"elementor-element elementor-element-bf70ae7 mb-0 elementor-widget elementor-widget-highlighted-heading\" data-id=\"bf70ae7\" data-element_type=\"widget\" data-widget_type=\"highlighted-heading.default\">\n\t\t\t\t<div class=\"elementor-widget-container\">\n\t\t\t\t\t<h6 class=\"mytravel-elementor-highlighted-heading__title text-gray-3 font-weight-bold font-size-21\">Localisation<\/h6>\t\t\t\t<\/div>\n\t\t\t\t<\/div>\n\t\t\t\t<div class=\"elementor-element elementor-element-645a2b5 mb-0 elementor-widget elementor-widget-highlighted-heading\" data-id=\"645a2b5\" data-element_type=\"widget\" data-widget_type=\"highlighted-heading.default\">\n\t\t\t\t<div class=\"elementor-widget-container\">\n\t\t\t\t\t<p class=\"mytravel-elementor-highlighted-heading__title mb-1 text-gray-1\">Zone Touristique, Yasmine Hammamet 8050<\/p>\t\t\t\t<\/div>\n\t\t\t\t<\/div>\n\t\t\t\t<div class=\"elementor-element elementor-element-2801ade mb-0 elementor-widget elementor-widget-highlighted-heading\" data-id=\"2801ade\" data-element_type=\"widget\" data-widget_type=\"highlighted-heading.default\">\n\t\t\t\t<div class=\"elementor-widget-container\">\n\t\t\t\t\t<p class=\"mytravel-elementor-highlighted-heading__title text-gray-1 mb-3 mb-md-5\">Tunisie<\/p>\t\t\t\t<\/div>\n\t\t\t\t<\/div>\n\t\t\t\t<div class=\"elementor-element elementor-element-8482839 elementor-widget elementor-widget-highlighted-heading\" data-id=\"8482839\" data-element_type=\"widget\" data-widget_type=\"highlighted-heading.default\">\n\t\t\t\t<div class=\"elementor-widget-container\">\n\t\t\t\t\t<span class=\"mytravel-elementor-highlighted-heading__title\"><a href=\"https:\/\/maps.app.goo.gl\/BSi6UB55heQe7qTt8\" class=\"text-reset text-decoration-none d-inline-block\" target=\"_blank\" rel=\"noopener\"><span class=\"mytravel-elementor-highlighted-heading__highlighted-text border-bottom border-primary font-weight-normal font-size-14 text-primary\">Voir sur la carte<\/span><\/a><\/span>\t\t\t\t<\/div>\n\t\t\t\t<\/div>\n\t\t\t\t\t<\/div>\n\t\t<\/div>\n\t\t\t\t<div class=\"elementor-column elementor-col-33 elementor-inner-column elementor-element elementor-element-53190bf col-md-6 col-lg-4\" data-id=\"53190bf\" data-element_type=\"column\">\n\t\t\t<div class=\"mb-5 mb-lg-0 text-center p-0 elementor-widget-wrap elementor-element-populated\">\n\t\t\t\t\t\t<div class=\"elementor-element elementor-element-3169ffc mb-0 elementor-widget elementor-widget-highlighted-heading\" data-id=\"3169ffc\" data-element_type=\"widget\" data-widget_type=\"highlighted-heading.default\">\n\t\t\t\t<div class=\"elementor-widget-container\">\n\t\t\t\t\t<h6 class=\"mytravel-elementor-highlighted-heading__title text-gray-3 font-weight-bold font-size-21\">T\u00e9l\u00e8phone<\/h6>\t\t\t\t<\/div>\n\t\t\t\t<\/div>\n\t\t\t\t<div class=\"elementor-element elementor-element-09d214d mb-0 elementor-widget elementor-widget-highlighted-heading\" data-id=\"09d214d\" data-element_type=\"widget\" data-widget_type=\"highlighted-heading.default\">\n\t\t\t\t<div class=\"elementor-widget-container\">\n\t\t\t\t\t<p class=\"mytravel-elementor-highlighted-heading__title mb-1 text-gray-1\">(+216) 98552722<\/p>\t\t\t\t<\/div>\n\t\t\t\t<\/div>\n\t\t\t\t\t<\/div>\n\t\t<\/div>\n\t\t\t\t\t<\/div>\n\t\t<\/div>\n\t\t\t\t\t<\/div>\n\t\t<\/div>\n\t\t\t\t\t<\/div>\n\t\t<\/section>\n\t\t\t\t<\/div>\n\t\t","protected":false},"excerpt":{"rendered":"Envoyez-nous un message Tunisia Email resa@blumartunisia.com Localisation Zone Touristique, Yasmine Hammamet 8050 Tunisie Voir sur la carte T\u00e9l\u00e8phone (+216) 98552722","protected":false},"author":1,"featured_media":0,"parent":0,"menu_order":0,"comment_status":"closed","ping_status":"closed","template":"elementor_header_footer","meta":{"_acf_changed":false,"footnotes":""},"class_list":["post-24132","page","type-page","status-publish","hentry"],"acf":[],"_links":{"self":[{"href":"https:\/\/blumartunisia.com\/en\/wp-json\/wp\/v2\/pages\/24132","targetHints":{"allow":["GET"]}}],"collection":[{"href":"https:\/\/blumartunisia.com\/en\/wp-json\/wp\/v2\/pages"}],"about":[{"href":"https:\/\/blumartunisia.com\/en\/wp-json\/wp\/v2\/types\/page"}],"author":[{"embeddable":true,"href":"https:\/\/blumartunisia.com\/en\/wp-json\/wp\/v2\/users\/1"}],"replies":[{"embeddable":true,"href":"https:\/\/blumartunisia.com\/en\/wp-json\/wp\/v2\/comments?post=24132"}],"version-history":[{"count":99,"href":"https:\/\/blumartunisia.com\/en\/wp-json\/wp\/v2\/pages\/24132\/revisions"}],"predecessor-version":[{"id":25142,"href":"https:\/\/blumartunisia.com\/en\/wp-json\/wp\/v2\/pages\/24132\/revisions\/25142"}],"wp:attachment":[{"href":"https:\/\/blumartunisia.com\/en\/wp-json\/wp\/v2\/media?parent=24132"}],"curies":[{"name":"wp","href":"https:\/\/api.w.org\/{rel}","templated":true}]}}