{"id":24439,"date":"2025-07-31T15:50:38","date_gmt":"2025-07-31T15:50:38","guid":{"rendered":"https:\/\/blumartunisia.com\/?page_id=24439"},"modified":"2025-11-16T15:46:44","modified_gmt":"2025-11-16T15:46:44","slug":"programme-animation","status":"publish","type":"page","link":"https:\/\/blumartunisia.com\/en\/programme-animation\/","title":{"rendered":"Programme d\u2019Animation | Des Moments Inoubliables au Blumar Resort &#038; Spa"},"content":{"rendered":"<div data-elementor-type=\"wp-page\" data-elementor-id=\"24439\" class=\"elementor elementor-24439\" data-elementor-post-type=\"page\">\n\t\t\t\t<div class=\"elementor-element elementor-element-31f2171 e-con-full hero-block hero-v4 bg-img-hero-bottom text-center z-index-2 e-flex e-con e-parent\" data-id=\"31f2171\" data-element_type=\"container\" data-settings=\"{&quot;background_background&quot;:&quot;classic&quot;}\">\n\t\t<div class=\"elementor-element elementor-element-09c99ef e-con-full e-flex e-con e-child\" data-id=\"09c99ef\" data-element_type=\"container\">\n\t\t\t\t<div class=\"elementor-element elementor-element-7420569 mb-0 px-3 mt-xl-4 pt-11 elementor-widget elementor-widget-highlighted-heading\" data-id=\"7420569\" data-element_type=\"widget\" data-widget_type=\"highlighted-heading.default\">\n\t\t\t\t<div class=\"elementor-widget-container\">\n\t\t\t\t\t<h1 class=\"mytravel-elementor-highlighted-heading__title font-size-50 font-size-xs-30 text-white font-weight-bold\">Recreational and Sports Activities<\/h1>\t\t\t\t<\/div>\n\t\t\t\t<\/div>\n\t\t<div class=\"elementor-element elementor-element-58aaf35 e-con-full e-grid e-con e-child\" data-id=\"58aaf35\" data-element_type=\"container\">\n\t\t\t\t<div class=\"elementor-element elementor-element-36642ea px-xl-2 px-uw-7 elementor-position-left elementor-vertical-align-middle elementor-view-default elementor-mobile-position-top elementor-widget elementor-widget-icon-box\" data-id=\"36642ea\" data-element_type=\"widget\" data-widget_type=\"icon-box.default\">\n\t\t\t\t<div class=\"elementor-widget-container\">\n\t\t\t\t\t\t\t<div class=\"elementor-icon-box-wrapper\">\n\n\t\t\t\t\t\t<div class=\"elementor-icon-box-icon\">\n\t\t\t\t<span  class=\"elementor-icon\">\n\t\t\t\t<i aria-hidden=\"true\" class=\"flaticon flaticon-price\"><\/i>\t\t\t\t<\/span>\n\t\t\t<\/div>\n\t\t\t\n\t\t\t\t\t\t<div class=\"elementor-icon-box-content\">\n\n\t\t\t\t\t\t\t\t\t<h5 class=\"elementor-icon-box-title\">\n\t\t\t\t\t\t<span  >\n\t\t\t\t\t\t\tCompetitive rates\t\t\t\t\t\t<\/span>\n\t\t\t\t\t<\/h5>\n\t\t\t\t\n\t\t\t\t\t\t\t\t\t<p class=\"elementor-icon-box-description\">\n\t\t\t\t\t\tReservation on the official website\n\n\t\t\t\t\t<\/p>\n\t\t\t\t\n\t\t\t<\/div>\n\t\t\t\n\t\t<\/div>\n\t\t\t\t\t\t<\/div>\n\t\t\t\t<\/div>\n\t\t\t\t<div class=\"elementor-element elementor-element-1438d5b px-xl-2 px-uw-7 elementor-position-left elementor-view-default elementor-mobile-position-top elementor-vertical-align-top elementor-widget elementor-widget-icon-box\" data-id=\"1438d5b\" data-element_type=\"widget\" data-widget_type=\"icon-box.default\">\n\t\t\t\t<div class=\"elementor-widget-container\">\n\t\t\t\t\t\t\t<div class=\"elementor-icon-box-wrapper\">\n\n\t\t\t\t\t\t<div class=\"elementor-icon-box-icon\">\n\t\t\t\t<span  class=\"elementor-icon\">\n\t\t\t\t<i aria-hidden=\"true\" class=\"flaticon flaticon-medal\"><\/i>\t\t\t\t<\/span>\n\t\t\t<\/div>\n\t\t\t\n\t\t\t\t\t\t<div class=\"elementor-icon-box-content\">\n\n\t\t\t\t\t\t\t\t\t<h5 class=\"elementor-icon-box-title\">\n\t\t\t\t\t\t<span  >\n\t\t\t\t\t\t\tExclusive discounts\t\t\t\t\t\t<\/span>\n\t\t\t\t\t<\/h5>\n\t\t\t\t\n\t\t\t\t\t\t\t\t\t<p class=\"elementor-icon-box-description\">\n\t\t\t\t\t\tOnly on the official website\n\n\t\t\t\t\t<\/p>\n\t\t\t\t\n\t\t\t<\/div>\n\t\t\t\n\t\t<\/div>\n\t\t\t\t\t\t<\/div>\n\t\t\t\t<\/div>\n\t\t\t\t<div class=\"elementor-element elementor-element-028dedf px-xl-2 px-uw-7 elementor-position-left elementor-view-default elementor-mobile-position-top elementor-vertical-align-top elementor-widget elementor-widget-icon-box\" data-id=\"028dedf\" data-element_type=\"widget\" data-widget_type=\"icon-box.default\">\n\t\t\t\t<div class=\"elementor-widget-container\">\n\t\t\t\t\t\t\t<div class=\"elementor-icon-box-wrapper\">\n\n\t\t\t\t\t\t<div class=\"elementor-icon-box-icon\">\n\t\t\t\t<span  class=\"elementor-icon\">\n\t\t\t\t<i aria-hidden=\"true\" class=\"flaticon flaticon-world\"><\/i>\t\t\t\t<\/span>\n\t\t\t<\/div>\n\t\t\t\n\t\t\t\t\t\t<div class=\"elementor-icon-box-content\">\n\n\t\t\t\t\t\t\t\t\t<h5 class=\"elementor-icon-box-title\">\n\t\t\t\t\t\t<span  >\n\t\t\t\t\t\t\tIdeal destination\t\t\t\t\t\t<\/span>\n\t\t\t\t\t<\/h5>\n\t\t\t\t\n\t\t\t\t\t\t\t\t\t<p class=\"elementor-icon-box-description\">\n\t\t\t\t\t\tAdjust to your mood\n\n\t\t\t\t\t<\/p>\n\t\t\t\t\n\t\t\t<\/div>\n\t\t\t\n\t\t<\/div>\n\t\t\t\t\t\t<\/div>\n\t\t\t\t<\/div>\n\t\t\t\t<div class=\"elementor-element elementor-element-b9cbca0 px-xl-2 px-uw-7 elementor-position-left elementor-view-default elementor-mobile-position-top elementor-vertical-align-top elementor-widget elementor-widget-icon-box\" data-id=\"b9cbca0\" data-element_type=\"widget\" data-widget_type=\"icon-box.default\">\n\t\t\t\t<div class=\"elementor-widget-container\">\n\t\t\t\t\t\t\t<div class=\"elementor-icon-box-wrapper\">\n\n\t\t\t\t\t\t<div class=\"elementor-icon-box-icon\">\n\t\t\t\t<span  class=\"elementor-icon\">\n\t\t\t\t<i aria-hidden=\"true\" class=\"flaticon flaticon-social\"><\/i>\t\t\t\t<\/span>\n\t\t\t<\/div>\n\t\t\t\n\t\t\t\t\t\t<div class=\"elementor-icon-box-content\">\n\n\t\t\t\t\t\t\t\t\t<h5 class=\"elementor-icon-box-title\">\n\t\t\t\t\t\t<span  >\n\t\t\t\t\t\t\tPersonalized attention\t\t\t\t\t\t<\/span>\n\t\t\t\t\t<\/h5>\n\t\t\t\t\n\t\t\t\t\t\t\t\t\t<p class=\"elementor-icon-box-description\">\n\t\t\t\t\t\t24-hour reception\n\n\t\t\t\t\t<\/p>\n\t\t\t\t\n\t\t\t<\/div>\n\t\t\t\n\t\t<\/div>\n\t\t\t\t\t\t<\/div>\n\t\t\t\t<\/div>\n\t\t\t\t<\/div>\n\t\t\t\t<\/div>\n\t\t\t\t<\/div>\n\t\t<div class=\"elementor-element elementor-element-374043c e-flex e-con-boxed e-con e-parent\" data-id=\"374043c\" data-element_type=\"container\">\n\t\t\t\t\t<div class=\"e-con-inner\">\n\t\t\t\t<div class=\"elementor-element elementor-element-9be637f elementor-widget elementor-widget-heading\" data-id=\"9be637f\" data-element_type=\"widget\" data-widget_type=\"heading.default\">\n\t\t\t\t<div class=\"elementor-widget-container\">\n\t\t\t\t\t<h5 class=\"elementor-heading-title elementor-size-default\">FESTIVE AND ENTERTAINING EVENINGS\n\n<\/h5>\t\t\t\t<\/div>\n\t\t\t\t<\/div>\n\t\t\t\t<div class=\"elementor-element elementor-element-e96b3be elementor-widget elementor-widget-heading\" data-id=\"e96b3be\" data-element_type=\"widget\" data-widget_type=\"heading.default\">\n\t\t\t\t<div class=\"elementor-widget-container\">\n\t\t\t\t\t<h2 class=\"elementor-heading-title elementor-size-default\">Des Animations Vari\u00e9es pour Tous les \u00c2ges\n\n<\/h2>\t\t\t\t<\/div>\n\t\t\t\t<\/div>\n\t\t\t\t<div class=\"elementor-element elementor-element-a6169f0 elementor-widget elementor-widget-text-editor\" data-id=\"a6169f0\" data-element_type=\"widget\" data-widget_type=\"text-editor.default\">\n\t\t\t\t<div class=\"elementor-widget-container\">\n\t\t\t\t\t\t\t\t\t<p data-start=\"380\" data-end=\"853\">At <strong>Blumar Resort &amp; Spa<\/strong>, notre programme d\u2019animation est pens\u00e9 pour rythmer vos journ\u00e9es et <strong>evenings<\/strong> with activities suited to all tastes and ages. Enjoy board games, sessions of <strong>gym<\/strong> <strong>aquatique<\/strong>, parts of <strong>ping<\/strong>&#8211;<strong>pong<\/strong> or even matches of <strong>water-polo<\/strong> pour vous amuser et garder la forme. Le soir, laissez-vous emporter par nos spectacles de cabaret, sketchs et soir\u00e9es jeux, pour des moments de convivialit\u00e9 et de rire en famille ou entre amis.<\/p>\t\t\t\t\t\t\t\t<\/div>\n\t\t\t\t<\/div>\n\t\t\t\t\t<\/div>\n\t\t\t\t<\/div>\n\t\t<div class=\"elementor-element elementor-element-1b38c42 e-flex e-con-boxed e-con e-parent\" data-id=\"1b38c42\" data-element_type=\"container\">\n\t\t\t\t\t<div class=\"e-con-inner\">\n\t\t<div class=\"elementor-element elementor-element-d1e7540 e-con-full e-flex e-con e-child\" data-id=\"d1e7540\" data-element_type=\"container\">\n\t\t\t\t<div class=\"elementor-element elementor-element-a75f784 elementor-widget elementor-widget-image\" data-id=\"a75f784\" data-element_type=\"widget\" data-widget_type=\"image.default\">\n\t\t\t\t<div class=\"elementor-widget-container\">\n\t\t\t\t\t\t\t\t\t\t\t\t\t\t\t<img fetchpriority=\"high\" decoding=\"async\" width=\"550\" height=\"450\" src=\"https:\/\/blumartunisia.com\/wp-content\/uploads\/2025\/09\/jeux-societe.png\" class=\"img-fluid attachment-full size-full wp-image-24822\" alt=\"\" srcset=\"https:\/\/blumartunisia.com\/wp-content\/uploads\/2025\/09\/jeux-societe.png 550w, https:\/\/blumartunisia.com\/wp-content\/uploads\/2025\/09\/jeux-societe-300x245.png 300w, https:\/\/blumartunisia.com\/wp-content\/uploads\/2025\/09\/jeux-societe-15x12.png 15w\" sizes=\"(max-width: 550px) 100vw, 550px\" \/>\t\t\t\t\t\t\t\t\t\t\t\t\t\t\t<\/div>\n\t\t\t\t<\/div>\n\t\t\t\t<\/div>\n\t\t<div class=\"elementor-element elementor-element-4f458b1 e-con-full e-flex e-con e-child\" data-id=\"4f458b1\" data-element_type=\"container\" data-settings=\"{&quot;background_background&quot;:&quot;classic&quot;}\">\n\t\t\t\t<div class=\"elementor-element elementor-element-f00c235 elementor-widget elementor-widget-heading\" data-id=\"f00c235\" data-element_type=\"widget\" data-widget_type=\"heading.default\">\n\t\t\t\t<div class=\"elementor-widget-container\">\n\t\t\t\t\t<h6 class=\"elementor-heading-title elementor-size-default\">MOMENTS CONVIVIAUX EN FAMILLE OU ENTRE AMIS\n\n<\/h6>\t\t\t\t<\/div>\n\t\t\t\t<\/div>\n\t\t\t\t<div class=\"elementor-element elementor-element-0bd7fd6 elementor-widget elementor-widget-heading\" data-id=\"0bd7fd6\" data-element_type=\"widget\" data-widget_type=\"heading.default\">\n\t\t\t\t<div class=\"elementor-widget-container\">\n\t\t\t\t\t<h2 class=\"elementor-heading-title elementor-size-default\">Board Games<\/h2>\t\t\t\t<\/div>\n\t\t\t\t<\/div>\n\t\t\t\t<div class=\"elementor-element elementor-element-aad03aa elementor-widget elementor-widget-text-editor\" data-id=\"aad03aa\" data-element_type=\"widget\" data-widget_type=\"text-editor.default\">\n\t\t\t\t<div class=\"elementor-widget-container\">\n\t\t\t\t\t\t\t\t\t<p>D\u00e9tendez-vous autour de nos <strong>jeux de<\/strong> <strong>soci\u00e9t\u00e9<\/strong> vari\u00e9s, parfaits pour partager des instants ludiques et cr\u00e9er des souvenirs inoubliables dans une ambiance chaleureuse.<\/p>\t\t\t\t\t\t\t\t<\/div>\n\t\t\t\t<\/div>\n\t\t\t\t<\/div>\n\t\t\t\t\t<\/div>\n\t\t\t\t<\/div>\n\t\t<div class=\"elementor-element elementor-element-2735dc4 e-flex e-con-boxed e-con e-parent\" data-id=\"2735dc4\" data-element_type=\"container\">\n\t\t\t\t\t<div class=\"e-con-inner\">\n\t\t<div class=\"elementor-element elementor-element-8077318 e-con-full e-flex e-con e-child\" data-id=\"8077318\" data-element_type=\"container\" data-settings=\"{&quot;background_background&quot;:&quot;classic&quot;}\">\n\t\t\t\t<div class=\"elementor-element elementor-element-c94990a elementor-widget elementor-widget-heading\" data-id=\"c94990a\" data-element_type=\"widget\" data-widget_type=\"heading.default\">\n\t\t\t\t<div class=\"elementor-widget-container\">\n\t\t\t\t\t<h6 class=\"elementor-heading-title elementor-size-default\">SPORT D\u2019\u00c9QUIPE AQUATIQUE ET DYNAMIQUE\n\n<\/h6>\t\t\t\t<\/div>\n\t\t\t\t<\/div>\n\t\t\t\t<div class=\"elementor-element elementor-element-67a55c5 elementor-widget elementor-widget-heading\" data-id=\"67a55c5\" data-element_type=\"widget\" data-widget_type=\"heading.default\">\n\t\t\t\t<div class=\"elementor-widget-container\">\n\t\t\t\t\t<h2 class=\"elementor-heading-title elementor-size-default\">Water Polo\n<\/h2>\t\t\t\t<\/div>\n\t\t\t\t<\/div>\n\t\t\t\t<div class=\"elementor-element elementor-element-ad48dc0 elementor-widget elementor-widget-text-editor\" data-id=\"ad48dc0\" data-element_type=\"widget\" data-widget_type=\"text-editor.default\">\n\t\t\t\t<div class=\"elementor-widget-container\">\n\t\t\t\t\t\t\t\t\t<p>Vivez des moments sportifs intenses avec le <strong>water polo<\/strong>, un jeu collectif stimulant \u00e0 pratiquer dans notre piscine, pour allier plaisir et <strong>activit\u00e9<\/strong> <strong>physique<\/strong>.<\/p>\t\t\t\t\t\t\t\t<\/div>\n\t\t\t\t<\/div>\n\t\t\t\t<\/div>\n\t\t<div class=\"elementor-element elementor-element-5929749 e-con-full e-flex e-con e-child\" data-id=\"5929749\" data-element_type=\"container\">\n\t\t\t\t<div class=\"elementor-element elementor-element-1d338c5 elementor-widget elementor-widget-image\" data-id=\"1d338c5\" data-element_type=\"widget\" data-widget_type=\"image.default\">\n\t\t\t\t<div class=\"elementor-widget-container\">\n\t\t\t\t\t\t\t\t\t\t\t\t\t\t\t<img decoding=\"async\" width=\"550\" height=\"450\" src=\"https:\/\/blumartunisia.com\/wp-content\/uploads\/2025\/09\/water-polo.png\" class=\"img-fluid attachment-full size-full wp-image-24827\" alt=\"\" srcset=\"https:\/\/blumartunisia.com\/wp-content\/uploads\/2025\/09\/water-polo.png 550w, https:\/\/blumartunisia.com\/wp-content\/uploads\/2025\/09\/water-polo-300x245.png 300w, https:\/\/blumartunisia.com\/wp-content\/uploads\/2025\/09\/water-polo-15x12.png 15w\" sizes=\"(max-width: 550px) 100vw, 550px\" \/>\t\t\t\t\t\t\t\t\t\t\t\t\t\t\t<\/div>\n\t\t\t\t<\/div>\n\t\t\t\t<\/div>\n\t\t\t\t\t<\/div>\n\t\t\t\t<\/div>\n\t\t<div class=\"elementor-element elementor-element-bc32f3c e-flex e-con-boxed e-con e-parent\" data-id=\"bc32f3c\" data-element_type=\"container\">\n\t\t\t\t\t<div class=\"e-con-inner\">\n\t\t<div class=\"elementor-element elementor-element-a240d62 e-con-full e-flex e-con e-child\" data-id=\"a240d62\" data-element_type=\"container\">\n\t\t\t\t<div class=\"elementor-element elementor-element-77b7c19 elementor-widget elementor-widget-image\" data-id=\"77b7c19\" data-element_type=\"widget\" data-widget_type=\"image.default\">\n\t\t\t\t<div class=\"elementor-widget-container\">\n\t\t\t\t\t\t\t\t\t\t\t\t\t\t\t<img decoding=\"async\" width=\"550\" height=\"450\" src=\"https:\/\/blumartunisia.com\/wp-content\/uploads\/2025\/09\/ping-pong.png\" class=\"img-fluid attachment-full size-full wp-image-24824\" alt=\"\" srcset=\"https:\/\/blumartunisia.com\/wp-content\/uploads\/2025\/09\/ping-pong.png 550w, https:\/\/blumartunisia.com\/wp-content\/uploads\/2025\/09\/ping-pong-300x245.png 300w, https:\/\/blumartunisia.com\/wp-content\/uploads\/2025\/09\/ping-pong-15x12.png 15w\" sizes=\"(max-width: 550px) 100vw, 550px\" \/>\t\t\t\t\t\t\t\t\t\t\t\t\t\t\t<\/div>\n\t\t\t\t<\/div>\n\t\t\t\t<\/div>\n\t\t<div class=\"elementor-element elementor-element-26796fa e-con-full e-flex e-con e-child\" data-id=\"26796fa\" data-element_type=\"container\" data-settings=\"{&quot;background_background&quot;:&quot;classic&quot;}\">\n\t\t\t\t<div class=\"elementor-element elementor-element-17e194c elementor-widget elementor-widget-heading\" data-id=\"17e194c\" data-element_type=\"widget\" data-widget_type=\"heading.default\">\n\t\t\t\t<div class=\"elementor-widget-container\">\n\t\t\t\t\t<h6 class=\"elementor-heading-title elementor-size-default\">D\u00c9FIEZ VOS PROCHES SUR LA TABLE\n<\/h6>\t\t\t\t<\/div>\n\t\t\t\t<\/div>\n\t\t\t\t<div class=\"elementor-element elementor-element-865bb96 elementor-widget elementor-widget-heading\" data-id=\"865bb96\" data-element_type=\"widget\" data-widget_type=\"heading.default\">\n\t\t\t\t<div class=\"elementor-widget-container\">\n\t\t\t\t\t<h2 class=\"elementor-heading-title elementor-size-default\">Ping-Pong\n<\/h2>\t\t\t\t<\/div>\n\t\t\t\t<\/div>\n\t\t\t\t<div class=\"elementor-element elementor-element-aaca307 elementor-widget elementor-widget-text-editor\" data-id=\"aaca307\" data-element_type=\"widget\" data-widget_type=\"text-editor.default\">\n\t\t\t\t<div class=\"elementor-widget-container\">\n\t\t\t\t\t\t\t\t\t<p>Amusez-vous en <strong>family<\/strong> ou entre amis avec des parties de <strong>ping-pong<\/strong> dynamiques. Une activit\u00e9 accessible \u00e0 tous pour un moment sportif et convivial.<\/p>\t\t\t\t\t\t\t\t<\/div>\n\t\t\t\t<\/div>\n\t\t\t\t<\/div>\n\t\t\t\t\t<\/div>\n\t\t\t\t<\/div>\n\t\t<div class=\"elementor-element elementor-element-76b1b84 e-flex e-con-boxed e-con e-parent\" data-id=\"76b1b84\" data-element_type=\"container\">\n\t\t\t\t\t<div class=\"e-con-inner\">\n\t\t<div class=\"elementor-element elementor-element-ab7ea80 e-con-full e-flex e-con e-child\" data-id=\"ab7ea80\" data-element_type=\"container\" data-settings=\"{&quot;background_background&quot;:&quot;classic&quot;}\">\n\t\t\t\t<div class=\"elementor-element elementor-element-70fd795 elementor-widget elementor-widget-heading\" data-id=\"70fd795\" data-element_type=\"widget\" data-widget_type=\"heading.default\">\n\t\t\t\t<div class=\"elementor-widget-container\">\n\t\t\t\t\t<h6 class=\"elementor-heading-title elementor-size-default\">BOUGEZ ET GARDEZ LA FORME DANS L\u2019EAU\n\n<\/h6>\t\t\t\t<\/div>\n\t\t\t\t<\/div>\n\t\t\t\t<div class=\"elementor-element elementor-element-4d546b2 elementor-widget elementor-widget-heading\" data-id=\"4d546b2\" data-element_type=\"widget\" data-widget_type=\"heading.default\">\n\t\t\t\t<div class=\"elementor-widget-container\">\n\t\t\t\t\t<h2 class=\"elementor-heading-title elementor-size-default\">Water Aerobics<\/h2>\t\t\t\t<\/div>\n\t\t\t\t<\/div>\n\t\t\t\t<div class=\"elementor-element elementor-element-eb5f3da elementor-widget elementor-widget-text-editor\" data-id=\"eb5f3da\" data-element_type=\"widget\" data-widget_type=\"text-editor.default\">\n\t\t\t\t<div class=\"elementor-widget-container\">\n\t\t\t\t\t\t\t\t\t<p>Participez \u00e0 nos s\u00e9ances de <strong>gym<\/strong> <strong>aquatique<\/strong> anim\u00e9es par des professionnels, une activit\u00e9 douce et efficace pour renforcer votre corps tout en profitant de la fra\u00eecheur de la piscine.<\/p>\t\t\t\t\t\t\t\t<\/div>\n\t\t\t\t<\/div>\n\t\t\t\t<\/div>\n\t\t<div class=\"elementor-element elementor-element-cf33ab9 e-con-full e-flex e-con e-child\" data-id=\"cf33ab9\" data-element_type=\"container\">\n\t\t\t\t<div class=\"elementor-element elementor-element-4437ecd elementor-widget elementor-widget-image\" data-id=\"4437ecd\" data-element_type=\"widget\" data-widget_type=\"image.default\">\n\t\t\t\t<div class=\"elementor-widget-container\">\n\t\t\t\t\t\t\t\t\t\t\t\t\t\t\t<img loading=\"lazy\" decoding=\"async\" width=\"550\" height=\"450\" src=\"https:\/\/blumartunisia.com\/wp-content\/uploads\/2025\/09\/gym.png\" class=\"img-fluid attachment-full size-full wp-image-24825\" alt=\"\" srcset=\"https:\/\/blumartunisia.com\/wp-content\/uploads\/2025\/09\/gym.png 550w, https:\/\/blumartunisia.com\/wp-content\/uploads\/2025\/09\/gym-300x245.png 300w, https:\/\/blumartunisia.com\/wp-content\/uploads\/2025\/09\/gym-15x12.png 15w\" sizes=\"(max-width: 550px) 100vw, 550px\" \/>\t\t\t\t\t\t\t\t\t\t\t\t\t\t\t<\/div>\n\t\t\t\t<\/div>\n\t\t\t\t<\/div>\n\t\t\t\t\t<\/div>\n\t\t\t\t<\/div>\n\t\t<div class=\"elementor-element elementor-element-44e53ec e-flex e-con-boxed e-con e-parent\" data-id=\"44e53ec\" data-element_type=\"container\">\n\t\t\t\t\t<div class=\"e-con-inner\">\n\t\t<div class=\"elementor-element elementor-element-c4c0ec0 e-con-full e-flex e-con e-child\" data-id=\"c4c0ec0\" data-element_type=\"container\">\n\t\t\t\t<div class=\"elementor-element elementor-element-c61b7f5 elementor-widget elementor-widget-image\" data-id=\"c61b7f5\" data-element_type=\"widget\" data-widget_type=\"image.default\">\n\t\t\t\t<div class=\"elementor-widget-container\">\n\t\t\t\t\t\t\t\t\t\t\t\t\t\t\t<img loading=\"lazy\" decoding=\"async\" width=\"550\" height=\"450\" src=\"https:\/\/blumartunisia.com\/wp-content\/uploads\/2025\/09\/scketch.png\" class=\"img-fluid attachment-large size-large wp-image-24826\" alt=\"\" srcset=\"https:\/\/blumartunisia.com\/wp-content\/uploads\/2025\/09\/scketch.png 550w, https:\/\/blumartunisia.com\/wp-content\/uploads\/2025\/09\/scketch-300x245.png 300w, https:\/\/blumartunisia.com\/wp-content\/uploads\/2025\/09\/scketch-15x12.png 15w\" sizes=\"(max-width: 550px) 100vw, 550px\" \/>\t\t\t\t\t\t\t\t\t\t\t\t\t\t\t<\/div>\n\t\t\t\t<\/div>\n\t\t\t\t<\/div>\n\t\t<div class=\"elementor-element elementor-element-c55e9c8 e-con-full e-flex e-con e-child\" data-id=\"c55e9c8\" data-element_type=\"container\" data-settings=\"{&quot;background_background&quot;:&quot;classic&quot;}\">\n\t\t\t\t<div class=\"elementor-element elementor-element-fa2c03f elementor-widget elementor-widget-heading\" data-id=\"fa2c03f\" data-element_type=\"widget\" data-widget_type=\"heading.default\">\n\t\t\t\t<div class=\"elementor-widget-container\">\n\t\t\t\t\t<h6 class=\"elementor-heading-title elementor-size-default\">DIVERTISSEMENTS NOCTURNES POUR TOUTE LA FAMILLE<\/h6>\t\t\t\t<\/div>\n\t\t\t\t<\/div>\n\t\t\t\t<div class=\"elementor-element elementor-element-c64e03f elementor-widget elementor-widget-heading\" data-id=\"c64e03f\" data-element_type=\"widget\" data-widget_type=\"heading.default\">\n\t\t\t\t<div class=\"elementor-widget-container\">\n\t\t\t\t\t<h2 class=\"elementor-heading-title elementor-size-default\">Soir\u00e9es Jeux, Cabaret &amp; Sketchs\n<\/h2>\t\t\t\t<\/div>\n\t\t\t\t<\/div>\n\t\t\t\t<div class=\"elementor-element elementor-element-f55caf9 elementor-widget elementor-widget-text-editor\" data-id=\"f55caf9\" data-element_type=\"widget\" data-widget_type=\"text-editor.default\">\n\t\t\t\t<div class=\"elementor-widget-container\">\n\t\t\t\t\t\t\t\t\t<p>Chaque soir, profitez d\u2019animations vari\u00e9es m\u00ealant jeux, spectacles de <strong>cabaret<\/strong> and <strong>sketchs<\/strong> humoristiques, pour des soir\u00e9es conviviales et m\u00e9morables au Blumar Resort &amp; Spa.<\/p>\t\t\t\t\t\t\t\t<\/div>\n\t\t\t\t<\/div>\n\t\t\t\t<\/div>\n\t\t\t\t\t<\/div>\n\t\t\t\t<\/div>\n\t\t<div class=\"elementor-element elementor-element-628ce58 e-flex e-con-boxed e-con e-parent\" data-id=\"628ce58\" data-element_type=\"container\">\n\t\t\t\t\t<div class=\"e-con-inner\">\n\t\t<div class=\"elementor-element elementor-element-e906686 e-con-full e-flex e-con e-child\" data-id=\"e906686\" data-element_type=\"container\" data-settings=\"{&quot;background_background&quot;:&quot;classic&quot;}\">\n\t\t\t\t<div class=\"elementor-element elementor-element-ed8522c elementor-widget elementor-widget-heading\" data-id=\"ed8522c\" data-element_type=\"widget\" data-widget_type=\"heading.default\">\n\t\t\t\t<div class=\"elementor-widget-container\">\n\t\t\t\t\t<h6 class=\"elementor-heading-title elementor-size-default\">UN UNIVERS DE JEUX<\/h6>\t\t\t\t<\/div>\n\t\t\t\t<\/div>\n\t\t\t\t<div class=\"elementor-element elementor-element-55da88a elementor-widget elementor-widget-heading\" data-id=\"55da88a\" data-element_type=\"widget\" data-widget_type=\"heading.default\">\n\t\t\t\t<div class=\"elementor-widget-container\">\n\t\t\t\t\t<h2 class=\"elementor-heading-title elementor-size-default\">Mini Club<\/h2>\t\t\t\t<\/div>\n\t\t\t\t<\/div>\n\t\t\t\t<div class=\"elementor-element elementor-element-c9f398e elementor-widget elementor-widget-text-editor\" data-id=\"c9f398e\" data-element_type=\"widget\" data-widget_type=\"text-editor.default\">\n\t\t\t\t<div class=\"elementor-widget-container\">\n\t\t\t\t\t\t\t\t\t<p>frez \u00e0 vos <strong>enfants<\/strong> des vacances inoubliables gr\u00e2ce \u00e0 notre <strong>Mini<\/strong> <strong>Club<\/strong> sp\u00e9cialement con\u00e7u pour eux. Encadr\u00e9s par une \u00e9quipe professionnelle et attentionn\u00e9e, ils profiteront d\u2019activit\u00e9s ludiques, cr\u00e9atives et sportives adapt\u00e9es \u00e0 leur \u00e2ge, dans un cadre s\u00e9curis\u00e9 et convivial.<\/p>\t\t\t\t\t\t\t\t<\/div>\n\t\t\t\t<\/div>\n\t\t\t\t<\/div>\n\t\t<div class=\"elementor-element elementor-element-a0e95a7 e-con-full e-flex e-con e-child\" data-id=\"a0e95a7\" data-element_type=\"container\">\n\t\t\t\t<div class=\"elementor-element elementor-element-769d783 elementor-widget elementor-widget-image\" data-id=\"769d783\" data-element_type=\"widget\" data-widget_type=\"image.default\">\n\t\t\t\t<div class=\"elementor-widget-container\">\n\t\t\t\t\t\t\t\t\t\t\t\t\t\t\t<img loading=\"lazy\" decoding=\"async\" width=\"550\" height=\"450\" src=\"https:\/\/blumartunisia.com\/wp-content\/uploads\/2025\/09\/miniclub.png\" class=\"img-fluid attachment-full size-full wp-image-24828\" alt=\"\" srcset=\"https:\/\/blumartunisia.com\/wp-content\/uploads\/2025\/09\/miniclub.png 550w, https:\/\/blumartunisia.com\/wp-content\/uploads\/2025\/09\/miniclub-300x245.png 300w, https:\/\/blumartunisia.com\/wp-content\/uploads\/2025\/09\/miniclub-15x12.png 15w\" sizes=\"(max-width: 550px) 100vw, 550px\" \/>\t\t\t\t\t\t\t\t\t\t\t\t\t\t\t<\/div>\n\t\t\t\t<\/div>\n\t\t\t\t<\/div>\n\t\t\t\t\t<\/div>\n\t\t\t\t<\/div>\n\t\t\t\t<\/div>","protected":false},"excerpt":{"rendered":"Activit\u00e9s Ludiques et Sportives Tarifs comp\u00e9titifs R\u00e9servation sur le site officiel Remises exclusives Uniquement sur le site officiel Destination id\u00e9ale Ajustez \u00e0 votre ambiance Attention personnalis\u00e9e R\u00e9ception 24h SOIR\u00c9ES FESTIVES ET DIVERTISSANTES Des Animations Vari\u00e9es pour Tous les \u00c2ges Au Blumar Resort &amp; Spa, notre programme d\u2019animation est pens\u00e9 pour rythmer vos journ\u00e9es et soir\u00e9es&#8230;","protected":false},"author":1,"featured_media":0,"parent":0,"menu_order":0,"comment_status":"closed","ping_status":"closed","template":"elementor_header_footer","meta":{"_acf_changed":false,"footnotes":""},"class_list":["post-24439","page","type-page","status-publish","hentry"],"acf":[],"_links":{"self":[{"href":"https:\/\/blumartunisia.com\/en\/wp-json\/wp\/v2\/pages\/24439","targetHints":{"allow":["GET"]}}],"collection":[{"href":"https:\/\/blumartunisia.com\/en\/wp-json\/wp\/v2\/pages"}],"about":[{"href":"https:\/\/blumartunisia.com\/en\/wp-json\/wp\/v2\/types\/page"}],"author":[{"embeddable":true,"href":"https:\/\/blumartunisia.com\/en\/wp-json\/wp\/v2\/users\/1"}],"replies":[{"embeddable":true,"href":"https:\/\/blumartunisia.com\/en\/wp-json\/wp\/v2\/comments?post=24439"}],"version-history":[{"count":40,"href":"https:\/\/blumartunisia.com\/en\/wp-json\/wp\/v2\/pages\/24439\/revisions"}],"predecessor-version":[{"id":25157,"href":"https:\/\/blumartunisia.com\/en\/wp-json\/wp\/v2\/pages\/24439\/revisions\/25157"}],"wp:attachment":[{"href":"https:\/\/blumartunisia.com\/en\/wp-json\/wp\/v2\/media?parent=24439"}],"curies":[{"name":"wp","href":"https:\/\/api.w.org\/{rel}","templated":true}]}}